{"id":714,"date":"2011-06-14T15:51:44","date_gmt":"2011-06-14T13:51:44","guid":{"rendered":"http:\/\/www.modellanfertigung.de\/?page_id=714"},"modified":"2011-06-14T15:51:44","modified_gmt":"2011-06-14T13:51:44","slug":"panzerkampfwagen-v-panther","status":"publish","type":"page","link":"http:\/\/www.modellanfertigung.de\/?page_id=714","title":{"rendered":"Panzerkampfwagen V &#8222;Panther&#8220;"},"content":{"rendered":"<p><a rel=\"attachment wp-att-746\" href=\"http:\/\/www.modellanfertigung.de\/?attachment_id=746\"><img loading=\"lazy\" decoding=\"async\" class=\"alignleft size-large wp-image-746\" title=\"img_5360\" src=\"http:\/\/www.modellanfertigung.de\/REMO\/wp-content\/uploads\/img_5360-1024x562.jpg\" alt=\"img_5360\" width=\"350\" height=\"200\" \/><\/a><\/p>\n<p>\u00a0<\/p>\n<p><strong>Modell:<\/strong> &#8222;Panther&#8220; Ausf\u00fchrung D<\/p>\n<p><strong>Ma\u00dfstab:<\/strong> 1:25<br \/>\n<strong>Modellstandort:<\/strong> Milit\u00e4rhistorisches Museum Dresden<\/p>\n","protected":false},"excerpt":{"rendered":"<p>\u00a0 Modell: &#8222;Panther&#8220; Ausf\u00fchrung D Ma\u00dfstab: 1:25 Modellstandort: Milit\u00e4rhistorisches Museum Dresden<\/p>\n","protected":false},"author":2,"featured_media":0,"parent":31,"menu_order":0,"comment_status":"closed","ping_status":"closed","template":"","meta":{"footnotes":"","_links_to":"","_links_to_target":""},"class_list":["post-714","page","type-page","status-publish","hentry"],"_links":{"self":[{"href":"http:\/\/www.modellanfertigung.de\/index.php?rest_route=\/wp\/v2\/pages\/714","targetHints":{"allow":["GET"]}}],"collection":[{"href":"http:\/\/www.modellanfertigung.de\/index.php?rest_route=\/wp\/v2\/pages"}],"about":[{"href":"http:\/\/www.modellanfertigung.de\/index.php?rest_route=\/wp\/v2\/types\/page"}],"author":[{"embeddable":true,"href":"http:\/\/www.modellanfertigung.de\/index.php?rest_route=\/wp\/v2\/users\/2"}],"replies":[{"embeddable":true,"href":"http:\/\/www.modellanfertigung.de\/index.php?rest_route=%2Fwp%2Fv2%2Fcomments&post=714"}],"version-history":[{"count":16,"href":"http:\/\/www.modellanfertigung.de\/index.php?rest_route=\/wp\/v2\/pages\/714\/revisions"}],"predecessor-version":[{"id":773,"href":"http:\/\/www.modellanfertigung.de\/index.php?rest_route=\/wp\/v2\/pages\/714\/revisions\/773"}],"up":[{"embeddable":true,"href":"http:\/\/www.modellanfertigung.de\/index.php?rest_route=\/wp\/v2\/pages\/31"}],"wp:attachment":[{"href":"http:\/\/www.modellanfertigung.de\/index.php?rest_route=%2Fwp%2Fv2%2Fmedia&parent=714"}],"curies":[{"name":"wp","href":"https:\/\/api.w.org\/{rel}","templated":true}]}}