{"id":2861,"date":"2018-05-22T13:10:39","date_gmt":"2018-05-22T11:10:39","guid":{"rendered":"http:\/\/www.modellanfertigung.de\/?page_id=2861"},"modified":"2018-05-24T06:53:46","modified_gmt":"2018-05-24T04:53:46","slug":"datenschutz","status":"publish","type":"page","link":"http:\/\/www.modellanfertigung.de\/?page_id=2861","title":{"rendered":"Datenschutz"},"content":{"rendered":"<h4>Datenschutzerkl\u00e4rung<\/h4>\n<p>Wir freuen uns \u00fcber Ihr Interesse an unserem Unternehmen und unseren Produkten bzw. Dienstleistungen und m\u00f6chten, dass Sie sich beim Besuch unserer Internetseiten auch hinsichtlich des Schutzes Ihrer personenbezogenen Daten sicher f\u00fchlen. Denn wir nehmen den Schutz Ihrer personenbezogener Daten sehr ernst. Die Beachtung der Bestimmungen der Europ\u00e4ischen Datenschutzgrundverordnung (EU-DSGVO) und des Bundesdatenschutzgesetzes (BDSG) ist f\u00fcr uns eine Selbstverst\u00e4ndlichkeit.<\/p>\n<p>Wir m\u00f6chten, dass Sie wissen, wann wir welche Daten erheben und wie wir sie verwenden. Wir haben technische und organisatorische Ma\u00dfnahmen getroffen, die sicherstellen, dass die Vorschriften zum Datenschutz beachtet werden.<\/p>\n<h4>\u00a7 1 Information \u00fcber die Erhebung personenbezogener Daten<\/h4>\n<p>(1) Im Folgenden informieren wir \u00fcber die Erhebung personenbezogener Daten bei der Nutzung unserer Website. Personenbezogene Daten sind alle Daten zu Ihrer Identit\u00e4t oder die auf Sie pers\u00f6nlich beziehbar sind, z.?B. Name, Adresse, E-Mail-Adressen, Nutzerverhalten sowie die IP-Adresse.<\/p>\n<p>(2) Verantwortlicher gem. Art. 4 Abs. 7 EU-Datenschutz-Grundverordnung (DSGVO) ist Klaus Kunath, Neu Gramstorf 2a, 18195 Tessin, E-Mail: info@modellanfertigung.de (siehe unser <a href=\"http:\/\/www.modellanfertigung.de\/REMO\/?page_id=319\">Impressum<\/a><a name=\"_ftnref1\"><\/a>).<\/p>\n<p>(3) F\u00fcr die Nutzung unserer Internetseite ist es nicht erforderlich, dass Sie personenbezogene Daten preisgeben m\u00fcssen.<\/p>\n<p>(4) Bei Ihrer Kontaktaufnahme mit uns per E-Mail werden die von Ihnen mitgeteilten Daten (Ihre E-Mail-Adresse, ggf. Ihr Name und Ihre Telefonnummer) von uns gespeichert, um Ihre Fragen zu beantworten. Die in diesem Zusammenhang anfallenden Daten l\u00f6schen wir, nachdem die Speicherung nicht mehr erforderlich ist, oder schr\u00e4nken die Verarbeitung ein, falls gesetzliche Aufbewahrungspflichten bestehen.<\/p>\n<p>(5) Kinder und Jugendliche<\/p>\n<p>Personen unter 18 Jahren sollten ohne Zustimmung der Eltern oder Erziehungsberechtigten keine personenbezogenen Daten an uns \u00fcbermitteln. Wir fordern keine personenbezogenen Daten von Kindern und Jugendlichen an, sammeln diese nicht und geben sie nicht an Dritte weiter.<\/p>\n<h4>\u00a7 2 Zweckbestimmung der personenbezogenen Daten und zweckgebundene Verarbeitung<\/h4>\n<p>(1) Die Verarbeitung personenbezogener Daten erfolgt ausschlie\u00dflich zur Erf\u00fcllung des nachgefragten Service und zur Wahrung eigener berechtigter Gesch\u00e4ftsinteressen.<\/p>\n<p>(2) Die von Ihnen zur Verf\u00fcgung gestellten personenbezogenen Daten verwenden wir im Allgemeinen, um Ihre Anfragen zu beantworten, Ihre Auftr\u00e4ge zu bearbeiten oder Ihnen Zugang zu bestimmten Informationen oder Angeboten zu verschaffen.<\/p>\n<p>(3) Wir werden Ihre personenbezogenen Daten weder an Dritte verkaufen noch anderweitig vermarkten.<\/p>\n<p>(4) Wir werden die von Ihnen online zur Verf\u00fcgung gestellten personenbezogenen Daten nur f\u00fcr die Ihnen mitgeteilten Zwecke erheben, verarbeiten und nutzen. Eine Weitergabe Ihrer personenbezogenen Daten an Dritte erfolgt nicht ohne Ihre notwendige Einwilligung.<\/p>\n<h4>\u00a7 3 Ihre Rechte<\/h4>\n<p>(1) Sie haben gegen\u00fcber uns folgende Rechte hinsichtlich der Sie betreffenden personenbezogenen Daten:<\/p>\n<ul>\n<li>Recht auf Auskunft,<\/li>\n<li>Recht auf Berichtigung oder L\u00f6schung,<\/li>\n<li>Recht auf Einschr\u00e4nkung der Verarbeitung,<\/li>\n<li>Recht auf Widerspruch gegen die Verarbeitung,<\/li>\n<li>Recht auf Daten\u00fcbertragbarkeit.<\/li>\n<\/ul>\n<p>(2) Sie haben das Recht, die Einwilligung im Sinne von Art. 6 Abs. 1 lit. a oder Art. 9 Abs. 2 lit. a jederzeit zu widerrufen, ohne dass die Rechtm\u00e4\u00dfigkeit der aufgrund der Einwilligung bis zum Widerruf erfolgten Verarbeitung ber\u00fchrt wird.<\/p>\n<p>(3) Sie haben zudem das Recht, sich bei einer Datenschutz-Aufsichtsbeh\u00f6rde \u00fcber die Verarbeitung Ihrer personenbezogenen Daten durch uns zu beschweren. Die f\u00fcr uns zust\u00e4ndige Aufsichtsbeh\u00f6rde ist:<\/p>\n<table style=\"width: 100%; border-collapse: collapse;\" border=\"0\" cellpadding=\"0\">\n<tbody>\n<tr>\n<td style=\"width: 100%;\"><strong>Der Landesbeauftragte f\u00fcr Datenschutz und Informationsfreiheit Mecklenburg-Vorpommern<\/strong><\/td>\n<\/tr>\n<tr>\n<td style=\"width: 100%;\">Schloss Schwerin<\/td>\n<\/tr>\n<tr>\n<td style=\"width: 100%;\">Lenn\u00e9stra\u00dfe 1<\/td>\n<\/tr>\n<tr>\n<td style=\"width: 100%;\">19053 Schwerin<\/td>\n<\/tr>\n<\/tbody>\n<\/table>\n<p>&nbsp;<\/p>\n<table style=\"width: 100%; border-collapse: collapse;\" border=\"0\" cellpadding=\"0\">\n<tbody>\n<tr>\n<td style=\"width: 100%;\">Dienststelle<\/td>\n<\/tr>\n<tr>\n<td style=\"width: 100%;\"><strong>Der Landesbeauftragte f\u00fcr Datenschutz und Informationsfreiheit Mecklenburg-Vorpommern<\/strong><\/td>\n<\/tr>\n<tr>\n<td style=\"width: 100%;\">Werderstra\u00dfe 74a, 19055 Schwerin<\/td>\n<\/tr>\n<tr>\n<td style=\"width: 100%;\">Telefon: +49 385 59494 0<\/td>\n<\/tr>\n<tr>\n<td style=\"width: 100%;\">Telefax: +49 385 59494 58<\/td>\n<\/tr>\n<tr>\n<td style=\"width: 100%;\">E-Mail: <a href=\"mailto:info@datenschutz-mv.de%20\">info@datenschutz-mv.de<\/a><\/td>\n<\/tr>\n<tr>\n<td style=\"width: 100%;\">Webseite: <a href=\"https:\/\/www.datenschutz-mv.de\/\">www.datenschutz-mv.de<\/a>; <a href=\"http:\/\/www.informationsfreiheit-mv.de\/\">www.informationsfreiheit-mv.de<\/a><\/td>\n<\/tr>\n<\/tbody>\n<\/table>\n<p>&nbsp;<\/p>\n<h4>\u00a7 4 Erhebung personenbezogener Daten bei Besuch unserer Website<\/h4>\n<p>(1) Bei der blo\u00df informatorischen Nutzung der Website, also wenn Sie uns NICHT per E-Mail Informationen \u00fcbermitteln, erheben wir nur die personenbezogenen Daten, die Ihr Browser an unseren Server \u00fcbermittelt. Wenn Sie unsere Website betrachten m\u00f6chten, erheben wir die folgenden Daten, die f\u00fcr uns technisch erforderlich sind, um Ihnen unsere Website anzuzeigen und die Stabilit\u00e4t und Sicherheit zu gew\u00e4hrleisten (Rechtsgrundlage ist Art. 6 Abs. 1 S. 1 lit. f DS-GVO)<\/p>\n<ul>\n<li>IP-Adresse<\/li>\n<li>Datum und Uhrzeit der Anfrage<\/li>\n<li>Zeitzonendifferenz zur Greenwich Mean Time (GMT)<\/li>\n<li>Inhalt der Anforderung (konkrete Seite)<\/li>\n<li>Zugriffsstatus\/HTTP-Statuscode<\/li>\n<li>jeweils \u00fcbertragene Datenmenge<\/li>\n<li>Website, von der die Anforderung kommt<\/li>\n<li>Browser<\/li>\n<li>Betriebssystem und dessen Oberfl\u00e4che<\/li>\n<li>Sprache und Version der Browsersoftware.<\/li>\n<\/ul>\n<p>(2) Zus\u00e4tzlich zu den zuvor genannten Daten werden bei Ihrer Nutzung unserer Website Cookies auf Ihrem Rechner gespeichert. Bei Cookies handelt es sich um kleine Textdateien, die auf Ihrer Festplatte dem von Ihnen verwendeten Browser zugeordnet gespeichert werden und durch welche der Stelle, die den Cookie setzt (hier durch uns), bestimmte Informationen zuflie\u00dfen. Cookies k\u00f6nnen keine Programme ausf\u00fchren oder Viren auf Ihren Computer \u00fcbertragen. Sie dienen dazu, das Internet\u00adangebot insgesamt nutzerfreundlicher und effektiver zu machen.<\/p>\n<p>(3) Einsatz von Cookies:<\/p>\n<p>a) Diese Website nutzt folgende Arten von Cookies, deren Umfang und Funktionsweise im Folgenden erl\u00e4utert werden:<\/p>\n<ul>\n<li>Transiente Cookies (dazu b)<\/li>\n<li>Persistente Cookies (dazu c).<\/li>\n<\/ul>\n<p>b) Transiente Cookies werden automatisiert gel\u00f6scht, wenn Sie den Browser schlie\u00dfen. Dazu z\u00e4hlen insbesondere die Session-Cookies. Diese speichern eine sogenannte Session-ID, mit welcher sich verschiedene Anfragen Ihres Browsers der gemeinsamen Sitzung zuordnen lassen. Dadurch kann Ihr Rechner wiedererkannt werden, wenn Sie auf unsere Website zur\u00fcckkehren. Die Session-Cookies werden gel\u00f6scht, wenn Sie sich ausloggen oder den Browser schlie\u00dfen.<\/p>\n<p>c) Persistente Cookies werden automatisiert nach einer vorgegebenen Dauer gel\u00f6scht, die sich je nach Cookie unterscheiden kann. Sie k\u00f6nnen die Cookies in den Sicherheitseinstellungen Ihres Browsers jederzeit l\u00f6schen.<\/p>\n<p>d) Sie k\u00f6nnen Ihre Browser-Einstellung entsprechend Ihren W\u00fcnschen konfigurieren und z.?B. die Annahme von Third-Party-Cookies oder allen Cookies ablehnen. Wir weisen Sie darauf hin, dass Sie eventuell nicht alle Funktionen dieser Website nutzen k\u00f6nnen.<\/p>\n<p>e)Wir setzen Cookies ein, um Sie f\u00fcr Folgebesuche identifizieren zu k\u00f6nnen, falls Sie \u00fcber einen Account bei uns verf\u00fcgen. Andernfalls m\u00fcssten Sie sich f\u00fcr jeden Besuch erneut einloggen.<\/p>\n<p>f) Wenn Sie keine Verarbeitung der Cookies w\u00fcnschen, m\u00fcssen Sie ein entsprechendes Add-On installieren, zum Beispiel \u201eBetter Privacy\u201c f\u00fcr Mozilla Firefox (https:\/\/addons.mozilla.org\/de\/firefox\/addon\/betterprivacy\/) oder das Adobe-Flash-Killer-Cookie f\u00fcr Google Chrome. Die Nutzung von HTML5 storage objects k\u00f6nnen Sie verhindern, indem Sie in Ihrem Browser den privaten Modus einsetzen. Zudem empfehlen wir, regelm\u00e4\u00dfig Ihre Cookies und den Browser-Verlauf manuell zu l\u00f6schen.<\/p>\n<p>(4) Webanalyse<\/p>\n<p>Bei uns kommt kein Webanalysetool zum Einsatz.<\/p>\n<h4>\u00a7 5 Sonstiges<\/h4>\n<p>(1) Sicherheit<\/p>\n<p>Wir haben technische und organisatorische Sicherheitsma\u00dfnahmen getroffen, um Ihre personenbezogenen Daten vor Verlust, Zerst\u00f6rung, Manipulation und unberechtigten Zugriff zu sch\u00fctzen. Alle unserer Mitarbeiter und alle an der Datenverarbeitung beteiligten Dritten sind auf die Datenschutzgrundverordnung und den vertraulichen Umgang mit personenbezogenen Daten verpflichtet.<\/p>\n<p>Im Falle der Erhebung und Verarbeitung pers\u00f6nlicher Daten werden die Informationen in verschl\u00fcsselter Form \u00fcbertragen, um einem Missbrauch der Daten durch Dritte vorzubeugen. Unsere Sicherungsma\u00dfnahmen werden entsprechend der technologischen Entwicklung fortlaufend \u00fcberarbeitet.<\/p>\n<p>(2) \u00c4nderung unserer Datenschutzbestimmungen<\/p>\n<p>Wir behalten uns das Recht vor, unsere Sicherheits- und Datenschutzma\u00dfnahmen zu ver\u00e4ndern, soweit dies wegen der technischen Entwicklung erforderlich wird. In diesen F\u00e4llen werden wir auch unsere Hinweise zum Datenschutz entsprechend anpassen. Bitte beachten Sie daher die jeweils aktuelle Version unserer Datenschutzerkl\u00e4rung.<\/p>\n<p>(3) Links<\/p>\n<p>Sofern Sie externe Links nutzen, die im Rahmen unserer Internetseiten angeboten werden, erstreckt sich diese Datenschutzerkl\u00e4rung nicht auf diese Links. Wenn wir Links anbieten, bem\u00fchen wir uns sicherzustellen, dass auch diese unserer Datenschutz- und Sicherheitsstandards einhalten. Wir haben jedoch keinen Einfluss auf die Einhaltung der Datenschutz und Sicherheitsbestimmungen durch andere Anbieter. Informieren Sie sich deshalb bitte auf den Internetseiten der anderen Anbieter auch \u00fcber die dort bereitgestellten Datenschutzerkl\u00e4rungen.<\/p>\n<p>(4) Fragen, Anregungen, Beschwerden<\/p>\n<p dir=\"LTR\" align=\"LEFT\">Wenn Sie weitergehende Fragen zu unseren Hinweisen zum Datenschutz und zur Verarbeitung Ihrer pers\u00f6nlichen Daten haben, k\u00f6nnen Sie sich direkt an uns wenden: E-Mail: info@modellanfertigung.de<\/p>\n<p><b>(5) Widerspruchsrecht<\/b><\/p>\n<p><b>Sofern Ihre personenbezogenen Daten auf Grundlage von berechtigten Interessen gem\u00e4\u00df Art. 6 Abs. 1 S. 1 lit. f DSGVO verarbeitet werden, haben Sie das Recht, gem\u00e4\u00df Art. 21 DSGVO Widerspruch gegen die Verarbeitung Ihrer personenbezogenen Daten einzulegen, soweit daf\u00fcr Gr\u00fcnde vorliegen, die sich aus Ihrer besonderen Situation ergeben.<br \/>\nM\u00f6chten Sie von Ihrem Widerspruchsrecht Gebrauch machen, gen\u00fcgt eine E-Mail an <a>info@modellanfertigung.de<\/a>\u00a0oder ein Schreiben.\u00a0 <\/b><\/p>\n","protected":false},"excerpt":{"rendered":"<p>Datenschutzerkl\u00e4rung Wir freuen uns \u00fcber Ihr Interesse an unserem Unternehmen und unseren Produkten bzw. Dienstleistungen und m\u00f6chten, dass Sie sich beim Besuch unserer Internetseiten auch hinsichtlich des Schutzes Ihrer personenbezogenen Daten sicher f\u00fchlen. Denn wir nehmen den Schutz Ihrer personenbezogener Daten sehr ernst. Die Beachtung der Bestimmungen der Europ\u00e4ischen Datenschutzgrundverordnung (EU-DSGVO) und des Bundesdatenschutzgesetzes (BDSG) [&hellip;]<\/p>\n","protected":false},"author":2,"featured_media":0,"parent":0,"menu_order":0,"comment_status":"closed","ping_status":"closed","template":"","meta":{"footnotes":"","_links_to":"","_links_to_target":""},"class_list":["post-2861","page","type-page","status-publish","hentry"],"_links":{"self":[{"href":"http:\/\/www.modellanfertigung.de\/index.php?rest_route=\/wp\/v2\/pages\/2861","targetHints":{"allow":["GET"]}}],"collection":[{"href":"http:\/\/www.modellanfertigung.de\/index.php?rest_route=\/wp\/v2\/pages"}],"about":[{"href":"http:\/\/www.modellanfertigung.de\/index.php?rest_route=\/wp\/v2\/types\/page"}],"author":[{"embeddable":true,"href":"http:\/\/www.modellanfertigung.de\/index.php?rest_route=\/wp\/v2\/users\/2"}],"replies":[{"embeddable":true,"href":"http:\/\/www.modellanfertigung.de\/index.php?rest_route=%2Fwp%2Fv2%2Fcomments&post=2861"}],"version-history":[{"count":9,"href":"http:\/\/www.modellanfertigung.de\/index.php?rest_route=\/wp\/v2\/pages\/2861\/revisions"}],"predecessor-version":[{"id":2867,"href":"http:\/\/www.modellanfertigung.de\/index.php?rest_route=\/wp\/v2\/pages\/2861\/revisions\/2867"}],"wp:attachment":[{"href":"http:\/\/www.modellanfertigung.de\/index.php?rest_route=%2Fwp%2Fv2%2Fmedia&parent=2861"}],"curies":[{"name":"wp","href":"https:\/\/api.w.org\/{rel}","templated":true}]}}